{"id":14,"date":"2019-10-28T01:54:47","date_gmt":"2019-10-28T01:54:47","guid":{"rendered":"https:\/\/demosoledad.pencidesign.net\/soledad-construction-business-multipurpose\/?page_id=14"},"modified":"2024-08-04T16:26:46","modified_gmt":"2024-08-04T19:26:46","slug":"nuestro-blog","status":"publish","type":"page","link":"https:\/\/pawii.cl\/index.php\/nuestro-blog\/","title":{"rendered":"Nuestro Blog"},"content":{"rendered":"\t\t<div data-elementor-type=\"wp-page\" data-elementor-id=\"14\" class=\"elementor elementor-14\">\n\t\t\t\t\t\t<section class=\"penci-section penci-dmcheck penci-elbg-activate penci-disSticky penci-structure-10 elementor-section elementor-top-section elementor-element elementor-element-a020ff7 elementor-section-boxed elementor-section-height-default elementor-section-height-default\" data-id=\"a020ff7\" data-element_type=\"section\" data-settings=\"{&quot;background_background&quot;:&quot;classic&quot;}\">\n\t\t\t\t\t\t<div class=\"elementor-container elementor-column-gap-no\">\n\t\t\t\t\t<div class=\"penci-ercol-100 penci-ercol-order-1 penci-sticky-ct    elementor-column elementor-col-100 elementor-top-column elementor-element elementor-element-65d9dee\" data-id=\"65d9dee\" data-element_type=\"column\">\n\t\t\t<div class=\"elementor-widget-wrap elementor-element-populated\">\n\t\t\t\t\t\t<div class=\"elementor-element elementor-element-9680aca elementor-widget elementor-widget-penci-fancy_heading\" data-id=\"9680aca\" data-element_type=\"widget\" data-widget_type=\"penci-fancy_heading.default\">\n\t\t\t\t<div class=\"elementor-widget-container\">\n\t\t\t\t\t<div class=\"penci-fancy-heading penci-heading-text-center\">\n\t\t\t<div class=\"penci-fancy-heading-inner\">\n\t\t\t\t<h2 class=\"penci-heading-title\"><span class=\"inner-tit\">Nuestro Blog<\/span><\/h2>\t\t\t<\/div>\n\t\t<\/div>\n\t\t\t\t<\/div>\n\t\t\t\t<\/div>\n\t\t\t\t\t<\/div>\n\t\t<\/div>\n\t\t\t\t\t<\/div>\n\t\t<\/section>\n\t\t\t\t<section class=\"penci-section penci-disSticky penci-structure-10 elementor-section elementor-top-section elementor-element elementor-element-bd04cb8 elementor-section-boxed elementor-section-height-default elementor-section-height-default\" data-id=\"bd04cb8\" data-element_type=\"section\">\n\t\t\t\t\t\t<div class=\"elementor-container elementor-column-gap-no\">\n\t\t\t\t\t<div class=\"penci-ercol-100 penci-ercol-order-1 penci-sticky-ct    elementor-column elementor-col-100 elementor-top-column elementor-element elementor-element-4af9b47\" data-id=\"4af9b47\" data-element_type=\"column\">\n\t\t\t<div class=\"elementor-widget-wrap elementor-element-populated\">\n\t\t\t\t\t\t<div class=\"elementor-element elementor-element-fb84431 elementor-widget elementor-widget-penci-latest-posts\" data-id=\"fb84431\" data-element_type=\"widget\" data-widget_type=\"penci-latest-posts.default\">\n\t\t\t\t<div class=\"elementor-widget-container\">\n\t\t\t                <div id=\"pencilatest_posts_3300\" class=\"penci-latest-posts-sc penci-latest-posts-grid penci-latest-posts-el pencipw-hd-text penci-el-mixed-s1 penci-latest-posts-left penci-std-continue-center penci-std-excerpt-center penci-grid-excerpt-left\">\n\t\t\t\t\t                    <div class=\"penci-wrapper-posts-ajax\">\n\n                        <div class=\"penci-wrapper-posts-content pwid-default\">\n\n\t\t\t\t\t\t\t\t\t\t\t\t\t\t\t                                <ul class=\"penci-wrapper-data penci-grid penci-shortcode-render\">\t\t\t\t\t\t\t\t\t\t\t\t\t\t\t\t\t\t\t\t<li class=\"grid-style\">\n    <article id=\"post-173\" class=\"item hentry\">\n\t\t            <div class=\"thumbnail\">\n\t\t\t\t\n<span class=\"penci-bf-follow-post-wrapper penci-bf-follow-btn-wrapper penci-pf-display-icon pcbf-size-normal\">\n\t\t\n    <button data-status=\"1\" data-thumb=\"https:\/\/pawii.cl\/wp-content\/uploads\/2019\/06\/camera-1124585_1280-1200x800-1.jpg\"\n            data-posttitle=\"\u00bfEs legal poner c\u00e1maras de seguridad en mi casa en Chile?\"\n            data-postid=\"173\" data-current-postid=\"\"\n            data-follow-text=\"Bookmark\" data-following-text=\"Bookmarked\"\n            data-unfollow-text=\"Un-Bookmark\"\n            class=\"penci-bf-follow-button penci-bf-button penci-bf-guest-btn \">\n        <span class=\"pencibf-following-text\">Bookmark<\/span>\n    <\/button>\n\n\t<\/span><!-- penci-bf-follow-post-wrapper -->\t\t\t\t                    <a class=\"penci-image-holder penci-lazy\"\n                       data-bgset=\"https:\/\/pawii.cl\/wp-content\/uploads\/2019\/06\/camera-1124585_1280-1200x800-1-585x390.jpg\"\n                       href=\"https:\/\/pawii.cl\/index.php\/2019\/06\/28\/es-legal-poner-camaras-en-chile\/\" title=\"\u00bfEs legal poner c\u00e1maras de seguridad en mi casa en Chile?\">\n                    <\/a>\n\t\t\t\t\n\t\t\t\t\t\t\t\t\t\t\t\t\t\t\t\t\t\t\t\t\t\t\t\t\t\t\t\t\t\t\t\t\t            <\/div>\n\t\t\n        <div class=\"grid-header-box\">\n\t\t\t                <span class=\"cat\"><a style=\"\" class=\"penci-cat-name penci-cat-4\" href=\"https:\/\/pawii.cl\/index.php\/category\/seguridad-electronica\/\"  rel=\"category tag\"><span style=\"\">Seguridad Electr\u00f3nica<\/span><\/a><\/span>\n\t\t\t\n            <h2 class=\"penci-entry-title entry-title grid-title\"><a\n                        href=\"https:\/\/pawii.cl\/index.php\/2019\/06\/28\/es-legal-poner-camaras-en-chile\/\">\u00bfEs legal poner c\u00e1maras de seguridad en mi casa en Chile?<\/a>\n            <\/h2>\n\t\t\t\t\t<div class=\"penci-hide-tagupdated\">\n\t\t\t<span class=\"author-italic author vcard\">por \t\t\t\t\t\t\t\t\t\t<a class=\"author-url url fn n\"\n\t\t\t\t\t\t\t\t\t\t\thref=\"https:\/\/pawii.cl\/index.php\/author\/admin\/\">admin<\/a>\n\t\t\t\t\t\t\t\t\t<\/span>\n\t\t\t<time class=\"entry-date published\" datetime=\"2019-06-28T09:27:28-03:00\">Junio 28, 2019<\/time>\t\t<\/div>\n\t\t\t\t\t\t                <div class=\"grid-post-box-meta\">\n\t\t\t\t\t                        <span class=\"otherl-date-author author-italic author vcard\">por                                 <a class=\"author-url url fn n\"\n                                   href=\"https:\/\/pawii.cl\/index.php\/author\/admin\/\">admin<\/a>\n\t\t\t\t\t\t\t<\/span>\n\t\t\t\t\t\t\t\t\t\t                        <span class=\"otherl-date\"><time class=\"entry-date published\" datetime=\"2019-06-28T09:27:28-03:00\">Junio 28, 2019<\/time><\/span>\n\t\t\t\t\t\t\t\t\t\t\t\t\t\t\t\t\t\t\t\t\t\t\t\t\t                <\/div>\n\t\t\t        <\/div>\n\n\t\t            <div class=\"item-content entry-content\">\n\t\t\t\t<p>El invertir en sistemas de seguridad, como c\u00e1maras, se ha vuelto una necesidad para algunas personas. Si bien, el uso de sistemas &#8230;<\/p>\n            <\/div>\n\t\t\n\t\t\n\t\t    <\/article>\n<\/li>\n<li class=\"grid-style\">\n    <article id=\"post-171\" class=\"item hentry\">\n\t\t            <div class=\"thumbnail\">\n\t\t\t\t\n<span class=\"penci-bf-follow-post-wrapper penci-bf-follow-btn-wrapper penci-pf-display-icon pcbf-size-normal\">\n\t\t\n    <button data-status=\"1\" data-thumb=\"https:\/\/pawii.cl\/wp-content\/uploads\/2019\/06\/WhatsApp-Image-2024-05-07-at-14.26.16.jpeg\"\n            data-posttitle=\"Gobierno presenta avances de sistema que integra c\u00e1maras de televigilancia de Carabineros, municipios y centros comerciales\"\n            data-postid=\"171\" data-current-postid=\"\"\n            data-follow-text=\"Bookmark\" data-following-text=\"Bookmarked\"\n            data-unfollow-text=\"Un-Bookmark\"\n            class=\"penci-bf-follow-button penci-bf-button penci-bf-guest-btn \">\n        <span class=\"pencibf-following-text\">Bookmark<\/span>\n    <\/button>\n\n\t<\/span><!-- penci-bf-follow-post-wrapper -->\t\t\t\t                    <a class=\"penci-image-holder penci-lazy\"\n                       data-bgset=\"https:\/\/pawii.cl\/wp-content\/uploads\/2019\/06\/WhatsApp-Image-2024-05-07-at-14.26.16-585x390.jpeg\"\n                       href=\"https:\/\/pawii.cl\/index.php\/2019\/06\/28\/gobierno-presenta-avances-de-sistema-que-integra-camaras-de-televigilancia-de-carabineros-municipios-y-centros-comerciales\/\" title=\"Gobierno presenta avances de sistema que integra c\u00e1maras de televigilancia de Carabineros, municipios y centros comerciales\">\n                    <\/a>\n\t\t\t\t\n\t\t\t\t\t\t\t\t\t\t\t\t\t\t\t\t\t\t\t\t\t\t\t\t\t\t\t\t\t\t\t\t\t            <\/div>\n\t\t\n        <div class=\"grid-header-box\">\n\t\t\t                <span class=\"cat\"><a style=\"\" class=\"penci-cat-name penci-cat-4\" href=\"https:\/\/pawii.cl\/index.php\/category\/seguridad-electronica\/\"  rel=\"category tag\"><span style=\"\">Seguridad Electr\u00f3nica<\/span><\/a><\/span>\n\t\t\t\n            <h2 class=\"penci-entry-title entry-title grid-title\"><a\n                        href=\"https:\/\/pawii.cl\/index.php\/2019\/06\/28\/gobierno-presenta-avances-de-sistema-que-integra-camaras-de-televigilancia-de-carabineros-municipios-y-centros-comerciales\/\">Gobierno presenta avances de sistema que integra c\u00e1maras de televigilancia de Carabineros, municipios y centros comerciales<\/a>\n            <\/h2>\n\t\t\t\t\t<div class=\"penci-hide-tagupdated\">\n\t\t\t<span class=\"author-italic author vcard\">por \t\t\t\t\t\t\t\t\t\t<a class=\"author-url url fn n\"\n\t\t\t\t\t\t\t\t\t\t\thref=\"https:\/\/pawii.cl\/index.php\/author\/admin\/\">admin<\/a>\n\t\t\t\t\t\t\t\t\t<\/span>\n\t\t\t<time class=\"entry-date published\" datetime=\"2019-06-28T09:27:19-03:00\">Junio 28, 2019<\/time>\t\t<\/div>\n\t\t\t\t\t\t                <div class=\"grid-post-box-meta\">\n\t\t\t\t\t                        <span class=\"otherl-date-author author-italic author vcard\">por                                 <a class=\"author-url url fn n\"\n                                   href=\"https:\/\/pawii.cl\/index.php\/author\/admin\/\">admin<\/a>\n\t\t\t\t\t\t\t<\/span>\n\t\t\t\t\t\t\t\t\t\t                        <span class=\"otherl-date\"><time class=\"entry-date published\" datetime=\"2019-06-28T09:27:19-03:00\">Junio 28, 2019<\/time><\/span>\n\t\t\t\t\t\t\t\t\t\t\t\t\t\t\t\t\t\t\t\t\t\t\t\t\t                <\/div>\n\t\t\t        <\/div>\n\n\t\t            <div class=\"item-content entry-content\">\n\t\t\t\t<p>El Ejecutivo present\u00f3 este martes los avances del Sistema Interconectado de Televigilancia con Inteligencia Artificial (SITIA), proyecto que permitir\u00e1 la primera interconexi\u00f3n &#8230;<\/p>\n            <\/div>\n\t\t\n\t\t\n\t\t    <\/article>\n<\/li>\n<li class=\"grid-style\">\n    <article id=\"post-169\" class=\"item hentry\">\n\t\t            <div class=\"thumbnail\">\n\t\t\t\t\n<span class=\"penci-bf-follow-post-wrapper penci-bf-follow-btn-wrapper penci-pf-display-icon pcbf-size-normal\">\n\t\t\n    <button data-status=\"1\" data-thumb=\"https:\/\/pawii.cl\/wp-content\/uploads\/2019\/06\/ARTI-03-Se-publica-el-reglamento-de-las-normas-que-regulan-el-uso-de-las-camaras-de-videovigilancia-como-instrumento-de-vigilancia-ciudadana-en-Peru.jpg\"\n            data-posttitle=\"\u00bfSe pueden poner c\u00e1maras en el trabajo? \u00bfEs legal en Chile?\"\n            data-postid=\"169\" data-current-postid=\"\"\n            data-follow-text=\"Bookmark\" data-following-text=\"Bookmarked\"\n            data-unfollow-text=\"Un-Bookmark\"\n            class=\"penci-bf-follow-button penci-bf-button penci-bf-guest-btn \">\n        <span class=\"pencibf-following-text\">Bookmark<\/span>\n    <\/button>\n\n\t<\/span><!-- penci-bf-follow-post-wrapper -->\t\t\t\t                    <a class=\"penci-image-holder penci-lazy\"\n                       data-bgset=\"https:\/\/pawii.cl\/wp-content\/uploads\/2019\/06\/ARTI-03-Se-publica-el-reglamento-de-las-normas-que-regulan-el-uso-de-las-camaras-de-videovigilancia-como-instrumento-de-vigilancia-ciudadana-en-Peru-585x390.jpg\"\n                       href=\"https:\/\/pawii.cl\/index.php\/2019\/06\/28\/camaras-seguridad-trabajo\/\" title=\"\u00bfSe pueden poner c\u00e1maras en el trabajo? \u00bfEs legal en Chile?\">\n                    <\/a>\n\t\t\t\t\n\t\t\t\t\t\t\t\t\t\t\t\t\t\t\t\t\t\t\t\t\t\t\t\t\t\t\t\t\t\t\t\t\t            <\/div>\n\t\t\n        <div class=\"grid-header-box\">\n\t\t\t                <span class=\"cat\"><a style=\"\" class=\"penci-cat-name penci-cat-4\" href=\"https:\/\/pawii.cl\/index.php\/category\/seguridad-electronica\/\"  rel=\"category tag\"><span style=\"\">Seguridad Electr\u00f3nica<\/span><\/a><\/span>\n\t\t\t\n            <h2 class=\"penci-entry-title entry-title grid-title\"><a\n                        href=\"https:\/\/pawii.cl\/index.php\/2019\/06\/28\/camaras-seguridad-trabajo\/\">\u00bfSe pueden poner c\u00e1maras en el trabajo? \u00bfEs legal en Chile?<\/a>\n            <\/h2>\n\t\t\t\t\t<div class=\"penci-hide-tagupdated\">\n\t\t\t<span class=\"author-italic author vcard\">por \t\t\t\t\t\t\t\t\t\t<a class=\"author-url url fn n\"\n\t\t\t\t\t\t\t\t\t\t\thref=\"https:\/\/pawii.cl\/index.php\/author\/admin\/\">admin<\/a>\n\t\t\t\t\t\t\t\t\t<\/span>\n\t\t\t<time class=\"entry-date published\" datetime=\"2019-06-28T09:23:54-03:00\">Junio 28, 2019<\/time>\t\t<\/div>\n\t\t\t\t\t\t                <div class=\"grid-post-box-meta\">\n\t\t\t\t\t                        <span class=\"otherl-date-author author-italic author vcard\">por                                 <a class=\"author-url url fn n\"\n                                   href=\"https:\/\/pawii.cl\/index.php\/author\/admin\/\">admin<\/a>\n\t\t\t\t\t\t\t<\/span>\n\t\t\t\t\t\t\t\t\t\t                        <span class=\"otherl-date\"><time class=\"entry-date published\" datetime=\"2019-06-28T09:23:54-03:00\">Junio 28, 2019<\/time><\/span>\n\t\t\t\t\t\t\t\t\t\t\t\t\t\t\t\t\t\t\t\t\t\t\t\t\t                <\/div>\n\t\t\t        <\/div>\n\n\t\t            <div class=\"item-content entry-content\">\n\t\t\t\t<p>Sabemos que la incorporaci\u00f3n de nuevas t\u00e9cnicas de control tecnol\u00f3gicamente avanzadas ha modificado irremediablemente la vida moderna de la sociedad. Esto ha &#8230;<\/p>\n            <\/div>\n\t\t\n\t\t\n\t\t    <\/article>\n<\/li>\n\n\t\t\t\t\t\t\t\t\t\t\t\t\t\t\t\t\t\t\t\t\t\t\t\t\t\t\t\t<\/ul>\n\t\t\t\t\t\t\t                            <div class=\"penci-pagination penci-ajax-more penci-ajax-home penci-ajax-more-click\">\n                                <a class=\"penci-ajax-more-button\" aria-label=\"More Posts\" href=\"#\"\n                                   data-blockuid=\"pencilatest_posts_3300\"\n\t\t\t\t\t\t\t\t\t                                   data-query=\"{&quot;orderby&quot;:&quot;date&quot;,&quot;order&quot;:&quot;desc&quot;,&quot;ignore_sticky_posts&quot;:1,&quot;post_status&quot;:&quot;publish&quot;,&quot;post__not_in&quot;:[],&quot;post_type&quot;:&quot;post&quot;,&quot;posts_per_page&quot;:9,&quot;tax_query&quot;:[],&quot;paged&quot;:1}\"\n                                   data-query_type=\"post\"\n                                   data-mes=\"Sorry, No more posts\"\n                                   data-layout=\"grid\"\n                                   data-number=\"6\"\n                                   data-offset=\"9\" data-exclude=\"\" data-from=\"vc\" data-come_from=\"vc-elementor\"\n                                   data-template=\"sidebar\"\n                                   data-mixed=\"s1\">\n                                    <span class=\"ajax-more-text\">Cargas m\u00e1s Posts<\/span><span\n                                            class=\"ajaxdot\"><\/span><i class=\"penci-faicon fa fa-refresh\" ><\/i>                                <\/a>\n                            <\/div>\n\t\t\t\t\t\t\t<script>if( typeof(penciBlock) === \"undefined\" ) {function penciBlock() { this.atts_json = ''; this.content = ''; }}var penciBlocksArray = penciBlocksArray || [];var PENCILOCALCACHE = PENCILOCALCACHE || {};var pencilatest_posts_3300 = new penciBlock();pencilatest_posts_3300.blockID=\"pencilatest_posts_3300\";pencilatest_posts_3300.atts_json = '{\"style\":\"grid\",\"heading\":\"\",\"heading_title_style\":\"\",\"heading_title_link\":\"\",\"heading_title_align\":\"\",\"hide_block_heading\":\"\",\"heading_icon_pos\":\"\",\"heading_icon\":\"\",\"number\":\"10\",\"paging\":\"loadmore\",\"morenum\":6,\"exclude\":\"\",\"build_query\":\"\",\"elementor_query\":{\"orderby\":\"date\",\"order\":\"desc\",\"ignore_sticky_posts\":1,\"post_status\":\"publish\",\"post__not_in\":[],\"post_type\":\"post\",\"posts_per_page\":9,\"tax_query\":[]},\"wpblock\":\"\",\"penci_mixed_style\":\"s1\",\"post_alignment\":\"left\",\"share_alignment\":\"\",\"penci_items_martop\":\"\",\"penci_bitems_martop\":\"\",\"penci_sitems_martop\":\"\",\"list_imgwidth\":\"\",\"block_title_color\":\"\",\"block_title_hcolor\":\"\",\"btitle_bcolor\":\"\",\"btitle_outer_bcolor\":\"\",\"btitle_style5_bcolor\":\"\",\"btitle_style78_bcolor\":\"\",\"btitle_bgcolor\":\"\",\"btitle_outer_bgcolor\":\"\",\"btitle_style9_bgimg\":\"\",\"use_btitle_typo\":\"\",\"btitle_typo\":\"\",\"btitle_fsize\":\"\",\"block_title_offupper\":\"\",\"block_title_marginbt\":\"\",\"btitle_shapes_color\":\"\",\"bgstyle15_color\":\"\",\"iconstyle15_color\":\"\",\"cl_lines\":\"\",\"pborder_color\":\"\",\"ptitle_color\":\"\",\"ptitle_hcolor\":\"\",\"use_ptitle_typo\":\"\",\"ptitle_typo\":\"\",\"ptitle_fsize\":\"\",\"pmeta_color\":\"\",\"pmeta_hcolor\":\"\",\"pauthor_color\":\"\",\"pmeta_border_color\":\"\",\"use_pmeta_typo\":\"\",\"pmeta_fsize\":\"\",\"pmeta_typo\":\"\",\"pexcrept_color\":\"\",\"use_pexcrept_typo\":\"\",\"pexcrept_fsize\":\"\",\"pexcrept_typo\":\"\",\"pcat_color\":\"\",\"pcat_hcolor\":\"\",\"use_pcat_typo\":\"\",\"pcat_fsize\":\"\",\"pcat_typo\":\"\",\"prmore_color\":\"\",\"prmore_hcolor\":\"\",\"use_prmore_typo\":\"\",\"prmore_fsize\":\"\",\"prmore_typo\":\"\",\"pag_icon_fsize\":\"\",\"pshare_color\":\"\",\"pshare_hcolor\":\"\",\"pshare_border_color\":\"\",\"pshare_fsize\":\"\",\"pagination_icon\":\"\",\"pagination_size\":\"\",\"pagination_color\":\"\",\"pagination_bordercolor\":\"\",\"pagination_bgcolor\":\"\",\"pagination_hcolor\":\"\",\"pagination_hbordercolor\":\"\",\"pagination_hbgcolor\":\"\",\"standard_meta_overlay\":\"\",\"standard_thumbnail\":\"\",\"std_dis_at_gallery\":\"\",\"standard_thumb_crop\":\"\",\"standard_share_box\":\"\",\"standard_cat\":\"\",\"standard_author\":\"\",\"standard_date\":\"\",\"standard_comment\":\"\",\"standard_viewscount\":\"\",\"standard_readtime\":\"\",\"standard_remove_line\":\"\",\"standard_auto_excerpt\":\"yes\",\"standard_remove_excerpt\":\"\",\"standard_effect_button\":\"\",\"std_continue_btn\":\"\",\"grid_icon_format\":\"\",\"grid_meta_overlay\":\"\",\"grid_uppercase_cat\":\"\",\"grid_lightbox_video\":\"\",\"grid_nocrop_list\":\"\",\"grid_share_box\":\"yes\",\"grid_cat\":\"\",\"grid_author\":\"\",\"grid_date\":\"\",\"grid_comment\":\"\",\"grid_comment_other\":\"\",\"grid_viewscount\":\"\",\"grid_readtime\":\"\",\"grid_remove_line\":\"yes\",\"grid_remove_excerpt\":\"\",\"grid_add_readmore\":\"\",\"grid_remove_arrow\":\"\",\"grid_readmore_button\":\"\",\"grid_readmore_align\":\"left\",\"grid_excerpt_length\":22,\"standard_excerpt_length\":\"\",\"std_continue_align\":\"center\",\"std_excerpt_align\":\"center\",\"grid_excerpt_align\":\"left\",\"order_columns\":\"\",\"order_columns_tablet\":\"\",\"order_columns_mobile\":\"\",\"order_column_gap\":\"\",\"order_row_gap\":\"\",\"infeed_num\":\"3\",\"infeed_code\":\"\",\"infeed_layout\":\"\",\"bptitle_color\":\"\",\"bptitle_hcolor\":\"\",\"bptitle_fsize\":\"\",\"bpmeta_color\":\"\",\"bpmeta_hcolor\":\"\",\"bpauthor_color\":\"\",\"bpmeta_border_color\":\"\",\"bpmeta_fsize\":\"\",\"bpcat_color\":\"\",\"bpcat_hcolor\":\"\",\"bpcat_fsize\":\"\",\"bpexcerpt_size\":\"\",\"bsocialshare_size\":\"\",\"standard_title_length\":\"\",\"grid_title_length\":\"\",\"penci_featimg_size\":\"\",\"penci_featimg_ratio\":{\"unit\":\"px\",\"size\":0.66000000000000003108624468950438313186168670654296875,\"sizes\":[]},\"thumb_size\":\"\",\"thumb_bigsize\":\"\",\"archive_buider_check\":\"post\",\"biggrid_ajaxfilter_cat\":\"\",\"biggrid_ajaxfilter_tag\":\"\",\"biggrid_ajaxfilter_author\":\"\",\"group_more_link_text\":\"\",\"group_more_defaultab_text\":\"All\",\"biggrid_ajax_loading_style\":\"df\",\"validator\":\"\",\"keys\":\"\",\"acf\":\"\",\"label\":\"\",\"divider\":\"\",\"cspost_enable\":\"\",\"cspost_cpost_meta\":\"\",\"cspost_cpost_acf_meta\":\"\",\"cspost_cpost_meta_label\":\"\",\"cspost_cpost_meta_divider\":\"\",\"wrapper_css\":\" pencipw-hd-text\",\"category_ids\":\"\",\"taxonomy\":\"\"}';penciBlocksArray.push(pencilatest_posts_3300);<\/script>\t\t\t\t\t\t\t                        <\/div>\n\n\t\t\t\t\t\t                    <\/div>\n                <\/div>\n\t\t\t            <style>\n                                                                                                                                #pencilatest_posts_3300                .list-post .header-list-style:after,\n                #pencilatest_posts_3300 .grid-header-box:after,\n                #pencilatest_posts_3300 .penci-overlay-over .overlay-header-box:after,\n                #pencilatest_posts_3300 .home-featured-cat-content .first-post .magcat-detail .mag-header:after {\n                    content: none;\n                }\n                #pencilatest_posts_3300                .list-post .header-list-style, #pencilatest_posts_3300 .grid-header-box,\n                #pencilatest_posts_3300 .penci-overlay-over .overlay-header-box,\n                #pencilatest_posts_3300 .home-featured-cat-content .first-post .magcat-detail .mag-header {\n                    padding-bottom: 0;\n                }\n                                                                            <\/style>\n\t\t\t\t\t<\/div>\n\t\t\t\t<\/div>\n\t\t\t\t\t<\/div>\n\t\t<\/div>\n\t\t\t\t\t<\/div>\n\t\t<\/section>\n\t\t\t\t<section class=\"penci-section penci-dmcheck penci-elbg-activate penci-disSticky penci-structure-10 elementor-section elementor-top-section elementor-element elementor-element-2e8e0c5 elementor-section-content-middle elementor-section-full_width elementor-section-height-default elementor-section-height-default\" data-id=\"2e8e0c5\" data-element_type=\"section\" data-settings=\"{&quot;background_background&quot;:&quot;classic&quot;}\">\n\t\t\t\t\t\t\t<div class=\"elementor-background-overlay\"><\/div>\n\t\t\t\t\t\t\t<div class=\"elementor-container elementor-column-gap-extended\">\n\t\t\t\t\t<div class=\"penci-ercol-100 penci-ercol-order-1 penci-sticky-ct  penci-dmcheck penci-elbg-activate penci-elbg-img elementor-column elementor-col-100 elementor-top-column elementor-element elementor-element-9452985\" data-id=\"9452985\" data-element_type=\"column\" data-settings=\"{&quot;background_background&quot;:&quot;classic&quot;}\">\n\t\t\t<div class=\"elementor-widget-wrap elementor-element-populated\">\n\t\t\t\t\t<div class=\"elementor-background-overlay\"><\/div>\n\t\t\t\t\t\t<div class=\"elementor-element elementor-element-2f0a612 elementor-view-default elementor-widget elementor-widget-icon\" data-id=\"2f0a612\" data-element_type=\"widget\" data-widget_type=\"icon.default\">\n\t\t\t\t<div class=\"elementor-widget-container\">\n\t\t\t\t\t<div class=\"elementor-icon-wrapper\">\n\t\t\t<div class=\"elementor-icon\">\n\t\t\t<i aria-hidden=\"true\" class=\"fas fa-sms\"><\/i>\t\t\t<\/div>\n\t\t<\/div>\n\t\t\t\t<\/div>\n\t\t\t\t<\/div>\n\t\t\t\t<div class=\"elementor-element elementor-element-00d4bf7 elementor-widget elementor-widget-penci-fancy_heading\" data-id=\"00d4bf7\" data-element_type=\"widget\" data-widget_type=\"penci-fancy_heading.default\">\n\t\t\t\t<div class=\"elementor-widget-container\">\n\t\t\t\t\t<div class=\"penci-fancy-heading penci-heading-text-center\">\n\t\t\t<div class=\"penci-fancy-heading-inner\">\n\t\t\t\t<h2 class=\"penci-heading-title\"><span class=\"inner-tit\">Manteng\u00e1monos en contacto<\/span><\/h2><div class=\"penci-heading-content entry-content\"><p>Necesita Asesoramiento de un profesional? Escr\u00edbenos o ll\u00e1manos al +56 (9) 1234 5678<\/p>\n<\/div>\t\t\t<\/div>\n\t\t<\/div>\n\t\t\t\t<\/div>\n\t\t\t\t<\/div>\n\t\t\t\t<div class=\"elementor-element elementor-element-988b416 elementor-align-center elementor-widget elementor-widget-button\" data-id=\"988b416\" data-element_type=\"widget\" data-widget_type=\"button.default\">\n\t\t\t\t<div class=\"elementor-widget-container\">\n\t\t\t\t\t<div class=\"elementor-button-wrapper\">\n\t\t\t<a class=\"elementor-button elementor-button-link elementor-size-lg\" href=\"#\">\n\t\t\t\t\t\t<span class=\"elementor-button-content-wrapper\">\n\t\t\t\t\t\t\t\t\t<span class=\"elementor-button-text\">S\u00edganos en nuestras redes<\/span>\n\t\t\t\t\t<\/span>\n\t\t\t\t\t<\/a>\n\t\t<\/div>\n\t\t\t\t<\/div>\n\t\t\t\t<\/div>\n\t\t\t\t\t<\/div>\n\t\t<\/div>\n\t\t\t\t\t<\/div>\n\t\t<\/section>\n\t\t\t\t<\/div>\n\t\t","protected":false},"excerpt":{"rendered":"<p>Nuestro Blog Bookmark Tech Construction wearables&#8217; futuristic features are more feasible than you think por admin Junio 28, 2019 por admin Junio 28, 2019 Lommodo ligula eget dolor. Aenean massa.&hellip;<\/p>\n","protected":false},"author":1,"featured_media":0,"parent":0,"menu_order":0,"comment_status":"closed","ping_status":"closed","template":"page-fullwidth.php","meta":{"content-type":"","_lmt_disableupdate":"","_lmt_disable":"","footnotes":""},"class_list":["post-14","page","type-page","status-publish","hentry"],"_links":{"self":[{"href":"https:\/\/pawii.cl\/index.php\/wp-json\/wp\/v2\/pages\/14","targetHints":{"allow":["GET"]}}],"collection":[{"href":"https:\/\/pawii.cl\/index.php\/wp-json\/wp\/v2\/pages"}],"about":[{"href":"https:\/\/pawii.cl\/index.php\/wp-json\/wp\/v2\/types\/page"}],"author":[{"embeddable":true,"href":"https:\/\/pawii.cl\/index.php\/wp-json\/wp\/v2\/users\/1"}],"replies":[{"embeddable":true,"href":"https:\/\/pawii.cl\/index.php\/wp-json\/wp\/v2\/comments?post=14"}],"version-history":[{"count":16,"href":"https:\/\/pawii.cl\/index.php\/wp-json\/wp\/v2\/pages\/14\/revisions"}],"predecessor-version":[{"id":496,"href":"https:\/\/pawii.cl\/index.php\/wp-json\/wp\/v2\/pages\/14\/revisions\/496"}],"wp:attachment":[{"href":"https:\/\/pawii.cl\/index.php\/wp-json\/wp\/v2\/media?parent=14"}],"curies":[{"name":"wp","href":"https:\/\/api.w.org\/{rel}","templated":true}]}}